{"id":1043,"date":"2021-11-22T11:51:54","date_gmt":"2021-11-22T10:51:54","guid":{"rendered":"https:\/\/micropyros.de\/unsere-archaeen\/"},"modified":"2025-01-17T15:08:56","modified_gmt":"2025-01-17T14:08:56","slug":"unsere-archaeen","status":"publish","type":"page","link":"https:\/\/micropyros.de\/de\/technologie\/unsere-archaeen\/","title":{"rendered":"Unsere Archaeen"},"content":{"rendered":"[vc_row type=&#8220;in_container&#8220; full_screen_row_position=&#8220;middle&#8220; column_margin=&#8220;default&#8220; column_direction=&#8220;default&#8220; column_direction_tablet=&#8220;default&#8220; column_direction_phone=&#8220;default&#8220; scene_position=&#8220;center&#8220; text_color=&#8220;dark&#8220; text_align=&#8220;left&#8220; row_border_radius=&#8220;none&#8220; row_border_radius_applies=&#8220;bg&#8220; overlay_strength=&#8220;0.3&#8243; gradient_direction=&#8220;left_to_right&#8220; shape_divider_position=&#8220;bottom&#8220; bg_image_animation=&#8220;none&#8220;][vc_column column_padding=&#8220;no-extra-padding&#8220; column_padding_tablet=&#8220;inherit&#8220; column_padding_phone=&#8220;inherit&#8220; column_padding_position=&#8220;all&#8220; background_color_opacity=&#8220;1&#8243; background_hover_color_opacity=&#8220;1&#8243; column_shadow=&#8220;none&#8220; column_border_radius=&#8220;none&#8220; column_link_target=&#8220;_self&#8220; gradient_direction=&#8220;left_to_right&#8220; overlay_strength=&#8220;0.3&#8243; width=&#8220;1\/1&#8243; tablet_width_inherit=&#8220;default&#8220; tablet_text_alignment=&#8220;default&#8220; phone_text_alignment=&#8220;default&#8220; column_border_width=&#8220;none&#8220; column_border_style=&#8220;solid&#8220; bg_image_animation=&#8220;none&#8220;][vc_column_text][\/vc_column_text][\/vc_column][\/vc_row][vc_row type=&#8220;full_width_content&#8220; full_screen_row_position=&#8220;middle&#8220; column_margin=&#8220;default&#8220; column_direction=&#8220;default&#8220; column_direction_tablet=&#8220;default&#8220; column_direction_phone=&#8220;default&#8220; scene_position=&#8220;center&#8220; text_color=&#8220;dark&#8220; text_align=&#8220;left&#8220; row_border_radius=&#8220;none&#8220; row_border_radius_applies=&#8220;bg&#8220; enable_gradient=&#8220;true&#8220; color_overlay=&#8220;#0090ae&#8220; color_overlay_2=&#8220;#23a638&#8243; overlay_strength=&#8220;0.8&#8243; gradient_direction=&#8220;left_to_right&#8220; shape_divider_position=&#8220;bottom&#8220; bg_image_animation=&#8220;none&#8220; shape_type=&#8220;&#8220;][vc_column column_padding=&#8220;no-extra-padding&#8220; column_padding_tablet=&#8220;inherit&#8220; column_padding_phone=&#8220;inherit&#8220; column_padding_position=&#8220;all&#8220; background_color_opacity=&#8220;1&#8243; background_hover_color_opacity=&#8220;1&#8243; column_shadow=&#8220;none&#8220; column_border_radius=&#8220;none&#8220; column_link_target=&#8220;_self&#8220; gradient_direction=&#8220;left_to_right&#8220; overlay_strength=&#8220;0.3&#8243; width=&#8220;1\/1&#8243; tablet_width_inherit=&#8220;default&#8220; tablet_text_alignment=&#8220;default&#8220; phone_text_alignment=&#8220;default&#8220; column_border_width=&#8220;none&#8220; column_border_style=&#8220;solid&#8220; bg_image_animation=&#8220;none&#8220;][divider line_type=&#8220;No Line&#8220; custom_height=&#8220;1&#8243;][\/vc_column][\/vc_row][vc_row type=&#8220;full_width_background&#8220; full_screen_row_position=&#8220;middle&#8220; column_margin=&#8220;default&#8220; column_direction=&#8220;default&#8220; column_direction_tablet=&#8220;default&#8220; column_direction_phone=&#8220;default&#8220; scene_position=&#8220;center&#8220; top_padding=&#8220;80&#8243; bottom_padding=&#8220;80&#8243; top_padding_tablet=&#8220;60&#8243; bottom_padding_tablet=&#8220;60&#8243; top_padding_phone=&#8220;40&#8243; bottom_padding_phone=&#8220;40&#8243; text_color=&#8220;dark&#8220; text_align=&#8220;left&#8220; row_border_radius=&#8220;none&#8220; row_border_radius_applies=&#8220;bg&#8220; overlay_strength=&#8220;0.5&#8243; gradient_direction=&#8220;top_to_bottom&#8220; shape_divider_position=&#8220;bottom&#8220; bg_image_animation=&#8220;none&#8220; shape_type=&#8220;&#8220;][vc_column column_padding=&#8220;no-extra-padding&#8220; column_padding_tablet=&#8220;inherit&#8220; column_padding_phone=&#8220;inherit&#8220; column_padding_position=&#8220;all&#8220; background_color_opacity=&#8220;1&#8243; background_hover_color_opacity=&#8220;1&#8243; column_shadow=&#8220;none&#8220; column_border_radius=&#8220;none&#8220; column_link_target=&#8220;_self&#8220; gradient_direction=&#8220;left_to_right&#8220; overlay_strength=&#8220;0.3&#8243; width=&#8220;1\/1&#8243; tablet_width_inherit=&#8220;default&#8220; tablet_text_alignment=&#8220;default&#8220; phone_text_alignment=&#8220;default&#8220; column_border_width=&#8220;none&#8220; column_border_style=&#8220;solid&#8220; bg_image_animation=&#8220;none&#8220;][vc_row_inner equal_height=&#8220;yes&#8220; content_placement=&#8220;bottom&#8220; column_margin=&#8220;default&#8220; column_direction=&#8220;default&#8220; column_direction_tablet=&#8220;default&#8220; column_direction_phone=&#8220;default&#8220; text_align=&#8220;left&#8220;][vc_column_inner column_padding=&#8220;no-extra-padding&#8220; column_padding_tablet=&#8220;inherit&#8220; column_padding_phone=&#8220;inherit&#8220; column_padding_position=&#8220;all&#8220; background_color_opacity=&#8220;1&#8243; background_hover_color_opacity=&#8220;1&#8243; column_shadow=&#8220;none&#8220; column_border_radius=&#8220;none&#8220; column_link_target=&#8220;_self&#8220; gradient_direction=&#8220;left_to_right&#8220; overlay_strength=&#8220;0.3&#8243; width=&#8220;1\/2&#8243; tablet_width_inherit=&#8220;default&#8220; column_border_width=&#8220;none&#8220; column_border_style=&#8220;solid&#8220; bg_image_animation=&#8220;none&#8220;][vc_column_text]\n<h1 style=\"text-align: left;\"><span style=\"color: #0090ae;\">Bew\u00e4hrt seit Milliarden von Jahren: unsere Archaeen<\/span><\/h1>\n[\/vc_column_text][vc_column_text css=&#8220;.vc_custom_1651500911777{margin-bottom: 8px !important;border-bottom-width: 0px !important;padding-bottom: 0px !important;}&#8220;]\n<p class=\"p1\">Archaeen geh\u00f6ren zu den <strong>\u00e4ltesten Lebewesen<\/strong> auf unserem Planeten. Sie ern\u00e4hren sich von Gasen aus dem Erdinneren und haben ihren Stoffwechsel im Laufe der Evolution optimiert. Archaeen zehren exakt die Molek\u00fcle auf, die sie auch brauchen, ganz <strong>unabh\u00e4ngig von der Gaszusammensetzung.<\/strong> Und selbst, wenn eine N\u00e4hrstoffquelle \u00fcber Jahre versiegt, beginnen sie beim Auftreten geringster Gasmengen sofort mit der Verstoffwechselung.<\/p>\n<p class=\"p1\"><strong>Machen Sie diese evolutionserprobten Prozesse zu Ihrem Vorteil:<\/strong><\/p>\n[\/vc_column_text][vc_column_text css_animation=&#8220;fadeInUp&#8220; css=&#8220;.vc_custom_1646146780866{margin-top: 0px !important;border-top-width: 0px !important;padding-top: 0px !important;}&#8220;]\n<p class=\"p1\">\u2022 Robust und stabil gegen\u00fcber Gasbeimengungen und -unreinheiten<br \/>\n\u2022 Hochdynamischer und sehr effizienter Verbrauch schwankender Gasmengen[\/vc_column_text][\/vc_column_inner][vc_column_inner column_padding=&#8220;padding-2-percent&#8220; column_padding_tablet=&#8220;inherit&#8220; column_padding_phone=&#8220;no-extra-padding&#8220; column_padding_position=&#8220;left-right&#8220; background_color_opacity=&#8220;1&#8243; background_hover_color_opacity=&#8220;1&#8243; column_shadow=&#8220;none&#8220; column_border_radius=&#8220;none&#8220; column_link_target=&#8220;_self&#8220; gradient_direction=&#8220;left_to_right&#8220; overlay_strength=&#8220;0.3&#8243; width=&#8220;1\/2&#8243; tablet_width_inherit=&#8220;default&#8220; column_border_width=&#8220;none&#8220; column_border_style=&#8220;solid&#8220; bg_image_animation=&#8220;none&#8220;][image_with_animation image_url=&#8220;847&#8243; animation=&#8220;Fade In&#8220; hover_animation=&#8220;none&#8220; alignment=&#8220;&#8220; border_radius=&#8220;none&#8220; box_shadow=&#8220;none&#8220; image_loading=&#8220;default&#8220; max_width=&#8220;100{0efc1629cf2bc3fbea7315a794cc5bffddd2dbae56298c95b33acb68089952a0}&#8220; max_width_mobile=&#8220;default&#8220;][\/vc_column_inner][\/vc_row_inner][\/vc_column][\/vc_row][vc_row type=&#8220;full_width_background&#8220; full_screen_row_position=&#8220;middle&#8220; column_margin=&#8220;default&#8220; column_direction=&#8220;default&#8220; column_direction_tablet=&#8220;default&#8220; column_direction_phone=&#8220;default&#8220; scene_position=&#8220;center&#8220; top_padding=&#8220;80&#8243; bottom_padding=&#8220;80&#8243; top_padding_tablet=&#8220;60&#8243; bottom_padding_tablet=&#8220;60&#8243; top_padding_phone=&#8220;40&#8243; bottom_padding_phone=&#8220;40&#8243; text_color=&#8220;dark&#8220; text_align=&#8220;left&#8220; row_border_radius=&#8220;none&#8220; row_border_radius_applies=&#8220;bg&#8220; enable_gradient=&#8220;true&#8220; color_overlay=&#8220;rgba(35,166,56,0.22)&#8220; color_overlay_2=&#8220;#ffffff&#8220; overlay_strength=&#8220;0.3&#8243; gradient_direction=&#8220;top_to_bottom&#8220; shape_divider_position=&#8220;bottom&#8220; bg_image_animation=&#8220;none&#8220; shape_type=&#8220;&#8220;][vc_column column_padding=&#8220;no-extra-padding&#8220; column_padding_tablet=&#8220;inherit&#8220; column_padding_phone=&#8220;inherit&#8220; column_padding_position=&#8220;all&#8220; background_color_opacity=&#8220;1&#8243; background_hover_color_opacity=&#8220;1&#8243; column_shadow=&#8220;none&#8220; column_border_radius=&#8220;none&#8220; column_link_target=&#8220;_self&#8220; gradient_direction=&#8220;left_to_right&#8220; overlay_strength=&#8220;0.3&#8243; width=&#8220;1\/1&#8243; tablet_width_inherit=&#8220;default&#8220; tablet_text_alignment=&#8220;default&#8220; phone_text_alignment=&#8220;default&#8220; column_border_width=&#8220;none&#8220; column_border_style=&#8220;solid&#8220; bg_image_animation=&#8220;none&#8220;][vc_row_inner equal_height=&#8220;yes&#8220; content_placement=&#8220;bottom&#8220; column_margin=&#8220;default&#8220; column_direction=&#8220;default&#8220; column_direction_tablet=&#8220;default&#8220; column_direction_phone=&#8220;default&#8220; text_align=&#8220;left&#8220;][vc_column_inner column_padding=&#8220;no-extra-padding&#8220; column_padding_tablet=&#8220;inherit&#8220; column_padding_phone=&#8220;inherit&#8220; column_padding_position=&#8220;all&#8220; background_color_opacity=&#8220;1&#8243; background_hover_color_opacity=&#8220;1&#8243; column_shadow=&#8220;none&#8220; column_border_radius=&#8220;none&#8220; column_link_target=&#8220;_self&#8220; gradient_direction=&#8220;left_to_right&#8220; overlay_strength=&#8220;0.3&#8243; width=&#8220;1\/3&#8243; tablet_width_inherit=&#8220;default&#8220; column_border_width=&#8220;none&#8220; column_border_style=&#8220;solid&#8220; bg_image_animation=&#8220;none&#8220;][image_with_animation image_url=&#8220;849&#8243; animation=&#8220;Fade In&#8220; hover_animation=&#8220;none&#8220; alignment=&#8220;&#8220; border_radius=&#8220;none&#8220; box_shadow=&#8220;none&#8220; image_loading=&#8220;default&#8220; max_width=&#8220;100{0efc1629cf2bc3fbea7315a794cc5bffddd2dbae56298c95b33acb68089952a0}&#8220; max_width_mobile=&#8220;default&#8220; margin_left=&#8220;8{0efc1629cf2bc3fbea7315a794cc5bffddd2dbae56298c95b33acb68089952a0}&#8220; margin_right=&#8220;8{0efc1629cf2bc3fbea7315a794cc5bffddd2dbae56298c95b33acb68089952a0}&#8220; margin_right_tablet=&#8220;60{0efc1629cf2bc3fbea7315a794cc5bffddd2dbae56298c95b33acb68089952a0}&#8220; margin_left_phone=&#8220;0&#8243; margin_right_phone=&#8220;55{0efc1629cf2bc3fbea7315a794cc5bffddd2dbae56298c95b33acb68089952a0}&#8220;][\/vc_column_inner][vc_column_inner column_padding=&#8220;padding-2-percent&#8220; column_padding_tablet=&#8220;inherit&#8220; column_padding_phone=&#8220;no-extra-padding&#8220; column_padding_position=&#8220;left-right&#8220; background_color_opacity=&#8220;1&#8243; background_hover_color_opacity=&#8220;1&#8243; column_shadow=&#8220;none&#8220; column_border_radius=&#8220;none&#8220; column_link_target=&#8220;_self&#8220; gradient_direction=&#8220;left_to_right&#8220; overlay_strength=&#8220;0.3&#8243; width=&#8220;2\/3&#8243; tablet_width_inherit=&#8220;default&#8220; column_border_width=&#8220;none&#8220; column_border_style=&#8220;solid&#8220; bg_image_animation=&#8220;none&#8220;][vc_column_text]\n<h2 class=\"p1\"><span style=\"color: #23a638;\">Effizienz und Rentabilit\u00e4t dank passendem Mix aus Mikrobenkulturen<\/span><\/h2>\n[\/vc_column_text][vc_column_text css=&#8220;.vc_custom_1737122900358{margin-bottom: 8px !important;border-bottom-width: 0px !important;padding-bottom: 0px !important;}&#8220;]\n<p class=\"p1\">Unser Schatz ist eine <strong>einzigartige Sammlung verschiedener nat\u00fcrlichen Archaeenst\u00e4mmen.<\/strong> Mit unserer Expertise k\u00f6nnen wir daraus genau den richtigen Mix aus verschiedenen Mikrobenkulturen f\u00fcr beinahe jedwede Standorteigenschaften zusammenstellen. Diese verarbeiten selbst hochkontaminierte Gase weiter, etwa aus der Kl\u00e4rschlammvergasung.<\/p>\n<p class=\"p1\"><strong>So stellen wir f\u00fcr unsere Kunden Wirtschaftlichkeit und Rentabilit\u00e4t sicher:<\/strong><\/p>\n[\/vc_column_text][vc_column_text css_animation=&#8220;fadeInUp&#8220; css=&#8220;.vc_custom_1642515416327{margin-bottom: 0px !important;border-bottom-width: 0px !important;padding-bottom: 0px !important;}&#8220;]\n<p class=\"p1\">\u2022 Wir w\u00e4hlen einen geeigneten Mix von Archaeenkulturen f\u00fcr Ihr spezifisches Substrat.<br \/>\n\u2022 Auf diese Weise \u201eleben\u201c die Archaeen ausschlie\u00dflich von Ihren Schl\u00e4mmen und ben\u00f6tigen keinerlei zus\u00e4tzliche N\u00e4hrstoffe.[\/vc_column_text][divider line_type=&#8220;No Line&#8220; custom_height=&#8220;10&#8243;][vc_column_text]Alles in allem k\u00f6nnen wir <strong>nahezu jede Art organischer Reststoffe<\/strong> verarbeiten. Auch solche, die \u00fcblicherweise auf der Deponie entsorgt werden.[\/vc_column_text][divider line_type=&#8220;No Line&#8220; custom_height=&#8220;15&#8243;][nectar_btn size=&#8220;large&#8220; button_style=&#8220;regular&#8220; button_color_2=&#8220;extra-color-gradient-1&#8243; icon_family=&#8220;none&#8220; text=&#8220;JETZT ZU UNSEREN REFERENZEN&#8220; url=&#8220;\/de\/referenzprojekte\/&#8220;][\/vc_column_inner][\/vc_row_inner][\/vc_column][\/vc_row][vc_row type=&#8220;full_width_background&#8220; full_screen_row_position=&#8220;middle&#8220; column_margin=&#8220;default&#8220; column_direction=&#8220;default&#8220; column_direction_tablet=&#8220;default&#8220; column_direction_phone=&#8220;default&#8220; bg_image=&#8220;835&#8243; bg_position=&#8220;left top&#8220; bg_repeat=&#8220;no-repeat&#8220; scene_position=&#8220;center&#8220; top_padding=&#8220;50&#8243; bottom_padding=&#8220;50&#8243; top_padding_tablet=&#8220;45&#8243; bottom_padding_tablet=&#8220;50&#8243; top_padding_phone=&#8220;20&#8243; bottom_padding_phone=&#8220;55&#8243; text_color=&#8220;dark&#8220; text_align=&#8220;left&#8220; row_border_radius=&#8220;none&#8220; row_border_radius_applies=&#8220;bg&#8220; enable_gradient=&#8220;true&#8220; color_overlay=&#8220;#0090ae&#8220; color_overlay_2=&#8220;#23a638&#8243; overlay_strength=&#8220;0.8&#8243; gradient_direction=&#8220;left_to_right&#8220; shape_divider_position=&#8220;bottom&#8220; bg_image_animation=&#8220;none&#8220; parallax_bg=&#8220;true&#8220; parallax_bg_speed=&#8220;fixed&#8220; shape_type=&#8220;&#8220;][vc_column column_padding=&#8220;no-extra-padding&#8220; column_padding_tablet=&#8220;inherit&#8220; column_padding_phone=&#8220;inherit&#8220; column_padding_position=&#8220;all&#8220; background_color_opacity=&#8220;1&#8243; background_hover_color_opacity=&#8220;1&#8243; column_shadow=&#8220;none&#8220; column_border_radius=&#8220;none&#8220; column_link_target=&#8220;_self&#8220; gradient_direction=&#8220;left_to_right&#8220; overlay_strength=&#8220;0.3&#8243; width=&#8220;1\/1&#8243; tablet_width_inherit=&#8220;default&#8220; tablet_text_alignment=&#8220;default&#8220; phone_text_alignment=&#8220;default&#8220; column_border_width=&#8220;none&#8220; column_border_style=&#8220;solid&#8220; bg_image_animation=&#8220;none&#8220;][vc_row_inner column_margin=&#8220;default&#8220; column_direction=&#8220;default&#8220; column_direction_tablet=&#8220;default&#8220; column_direction_phone=&#8220;default&#8220; text_align=&#8220;left&#8220;][vc_column_inner column_padding=&#8220;no-extra-padding&#8220; column_padding_tablet=&#8220;inherit&#8220; column_padding_phone=&#8220;inherit&#8220; column_padding_position=&#8220;left&#8220; background_color_opacity=&#8220;1&#8243; background_hover_color_opacity=&#8220;1&#8243; column_shadow=&#8220;none&#8220; column_border_radius=&#8220;none&#8220; column_link_target=&#8220;_self&#8220; gradient_direction=&#8220;left_to_right&#8220; overlay_strength=&#8220;0.3&#8243; width=&#8220;1\/3&#8243; tablet_width_inherit=&#8220;default&#8220; column_border_width=&#8220;none&#8220; column_border_style=&#8220;solid&#8220; bg_image_animation=&#8220;none&#8220;][divider line_type=&#8220;No Line&#8220; custom_height=&#8220;20&#8243;][vc_custom_heading text=&#8220;OK, klingt gut! Jetzt m\u00f6chte ich &#8230;&#8220; font_container=&#8220;tag:h2|text_align:left|color:%23ffffff&#8220; use_theme_fonts=&#8220;yes&#8220; css_animation=&#8220;fadeInUp&#8220; css=&#8220;.vc_custom_1645442732171{margin-bottom: 10px !important;}&#8220;][\/vc_column_inner][vc_column_inner column_padding=&#8220;padding-1-percent&#8220; column_padding_tablet=&#8220;padding-2-percent&#8220; column_padding_phone=&#8220;padding-2-percent&#8220; column_padding_position=&#8220;all&#8220; background_color_opacity=&#8220;1&#8243; background_color_hover=&#8220;#23a638&#8243; background_hover_color_opacity=&#8220;0.6&#8243; background_image=&#8220;239&#8243; background_image_position=&#8220;left center&#8220; column_shadow=&#8220;none&#8220; column_border_radius=&#8220;none&#8220; column_link_target=&#8220;_self&#8220; gradient_direction=&#8220;left_to_right&#8220; overlay_strength=&#8220;0.3&#8243; width=&#8220;1\/3&#8243; tablet_width_inherit=&#8220;default&#8220; column_border_width=&#8220;none&#8220; column_border_color=&#8220;#ffffff&#8220; column_border_style=&#8220;solid&#8220; bg_image_animation=&#8220;none&#8220; column_link=&#8220;\/de\/technologie\/biomethanisierung\/&#8220;][image_with_animation image_url=&#8220;2283&#8243; animation=&#8220;Fade In&#8220; hover_animation=&#8220;none&#8220; alignment=&#8220;&#8220; border_radius=&#8220;none&#8220; box_shadow=&#8220;none&#8220; image_loading=&#8220;default&#8220; max_width=&#8220;100%&#8220; max_width_mobile=&#8220;default&#8220; margin_right=&#8220;80%&#8220;][vc_column_text css_animation=&#8220;fadeInUp&#8220;]\n<h4><span style=\"color: #ffffff;\">&#8230; mehr \u00fcber Ihre Technologie zur Biomethanisierung erfahren<\/span><\/h4>\n[\/vc_column_text][\/vc_column_inner][vc_column_inner column_padding=&#8220;padding-1-percent&#8220; column_padding_tablet=&#8220;padding-2-percent&#8220; column_padding_phone=&#8220;padding-2-percent&#8220; column_padding_position=&#8220;all&#8220; background_color_opacity=&#8220;1&#8243; background_color_hover=&#8220;#23a638&#8243; background_hover_color_opacity=&#8220;0.6&#8243; background_image=&#8220;239&#8243; background_image_position=&#8220;left center&#8220; column_shadow=&#8220;none&#8220; column_border_radius=&#8220;none&#8220; column_link_target=&#8220;_self&#8220; gradient_direction=&#8220;left_to_right&#8220; overlay_strength=&#8220;0.3&#8243; width=&#8220;1\/3&#8243; tablet_width_inherit=&#8220;default&#8220; column_border_width=&#8220;none&#8220; column_border_style=&#8220;solid&#8220; bg_image_animation=&#8220;none&#8220; column_link=&#8220;\/de\/kontakt\/&#8220;][image_with_animation image_url=&#8220;2294&#8243; animation=&#8220;Fade In&#8220; hover_animation=&#8220;none&#8220; alignment=&#8220;&#8220; border_radius=&#8220;none&#8220; box_shadow=&#8220;none&#8220; image_loading=&#8220;default&#8220; max_width=&#8220;100%&#8220; max_width_mobile=&#8220;default&#8220; margin_right=&#8220;80%&#8220;][vc_column_text css_animation=&#8220;fadeInUp&#8220;]\n<h4><span style=\"color: #ffffff;\">&#8230; Kontakt aufnehmen f\u00fcr weitere Informationen<\/span><\/h4>\n[\/vc_column_text][\/vc_column_inner][\/vc_row_inner][\/vc_column][\/vc_row]\n","protected":false},"excerpt":{"rendered":"<p>[vc_row type=&#8220;in_container&#8220; full_screen_row_position=&#8220;middle&#8220; column_margin=&#8220;default&#8220; column_direction=&#8220;default&#8220; column_direction_tablet=&#8220;default&#8220; column_direction_phone=&#8220;default&#8220; scene_position=&#8220;center&#8220; text_color=&#8220;dark&#8220; text_align=&#8220;left&#8220; row_border_radius=&#8220;none&#8220; row_border_radius_applies=&#8220;bg&#8220; overlay_strength=&#8220;0.3&#8243; gradient_direction=&#8220;left_to_right&#8220; shape_divider_position=&#8220;bottom&#8220; bg_image_animation=&#8220;none&#8220;][vc_column column_padding=&#8220;no-extra-padding&#8220; column_padding_tablet=&#8220;inherit&#8220; column_padding_phone=&#8220;inherit&#8220; column_padding_position=&#8220;all&#8220; background_color_opacity=&#8220;1&#8243; background_hover_color_opacity=&#8220;1&#8243; column_shadow=&#8220;none&#8220; column_border_radius=&#8220;none&#8220; column_link_target=&#8220;_self&#8220; gradient_direction=&#8220;left_to_right&#8220; overlay_strength=&#8220;0.3&#8243; width=&#8220;1\/1&#8243; tablet_width_inherit=&#8220;default&#8220; tablet_text_alignment=&#8220;default&#8220;&#8230;<\/p>\n","protected":false},"author":4,"featured_media":0,"parent":1073,"menu_order":0,"comment_status":"closed","ping_status":"closed","template":"","meta":{"inline_featured_image":false},"_links":{"self":[{"href":"https:\/\/micropyros.de\/de\/wp-json\/wp\/v2\/pages\/1043"}],"collection":[{"href":"https:\/\/micropyros.de\/de\/wp-json\/wp\/v2\/pages"}],"about":[{"href":"https:\/\/micropyros.de\/de\/wp-json\/wp\/v2\/types\/page"}],"author":[{"embeddable":true,"href":"https:\/\/micropyros.de\/de\/wp-json\/wp\/v2\/users\/4"}],"replies":[{"embeddable":true,"href":"https:\/\/micropyros.de\/de\/wp-json\/wp\/v2\/comments?post=1043"}],"version-history":[{"count":68,"href":"https:\/\/micropyros.de\/de\/wp-json\/wp\/v2\/pages\/1043\/revisions"}],"predecessor-version":[{"id":20721,"href":"https:\/\/micropyros.de\/de\/wp-json\/wp\/v2\/pages\/1043\/revisions\/20721"}],"up":[{"embeddable":true,"href":"https:\/\/micropyros.de\/de\/wp-json\/wp\/v2\/pages\/1073"}],"wp:attachment":[{"href":"https:\/\/micropyros.de\/de\/wp-json\/wp\/v2\/media?parent=1043"}],"curies":[{"name":"wp","href":"https:\/\/api.w.org\/{rel}","templated":true}]}}